{"id":42,"date":"2020-02-18T17:29:17","date_gmt":"2020-02-18T17:29:17","guid":{"rendered":"http:\/\/etms.itu.edu.tr\/2020\/?page_id=42"},"modified":"2021-06-29T17:40:58","modified_gmt":"2021-06-29T14:40:58","slug":"organization-committee","status":"publish","type":"page","link":"https:\/\/etms.itu.edu.tr\/2021\/about\/organization-committee\/","title":{"rendered":"Organization Committee"},"content":{"rendered":"\n<p><em><strong>Honorary Chair<\/strong><\/em><strong>: <\/strong><\/p>\n\n\n\n<p>S\u0131tk\u0131 G\u00f6zl\u00fc (ITU &amp; BAU)<\/p>\n\n\n\n<p><em><strong>Co-Chairs:<\/strong><\/em><\/p>\n\n\n\n<p>Ferhan \u00c7ebi (ITU) &amp; F. Tun\u00e7 Bozbura (BAU)<\/p>\n\n\n\n<p><strong>Committee Members:<\/strong><\/p>\n\n\n\n<table class=\"wp-block-table\"><tbody><tr><td>Adnan\n  Corum<\/td><td>Bahcesehir University, Turkey<\/td><\/tr><tr><td>Ahmet Beskese<\/td><td>Bahcesehir University, Turkey<\/td><\/tr><tr><td>Alper Camci<\/td><td>Bahcesehir University, Turkey<\/td><\/tr><tr><td>Aziz Kemal Konyalioglu<\/td><td>Istanbul Technical University, Turkey<\/td><\/tr><tr><td>Bersam Bolat<\/td><td>Istanbul Technical University, Turkey<\/td><\/tr><tr><td>Caglar Sivri<\/td><td>Bahcesehir University, Turkey<\/td><\/tr><tr><td>Didem Yildiz<\/td><td>Bahcesehir University, Turkey<\/td><\/tr><tr><td>Dilay Celebi<\/td><td>Istanbul Technical University, Turkey<\/td><\/tr><tr><td>Ethem Canakoglu<\/td><td>Bahcesehir University, Turkey<\/td><\/tr><tr><td>F. Tunc Bozbura<\/td><td>Bahcesehir University, Turkey<\/td><\/tr><tr><td>Ferhan Cebi<\/td><td>Istanbul Technical University, Turkey<\/td><\/tr><tr><td>Gizem Deniz<\/td><td>Istanbul Technical University, Turkey<\/td><\/tr><tr><td>Gul T. Temur<\/td><td>Bahcesehir University, Turkey<\/td><\/tr><tr><td>Hatice Camgoz Akdag<\/td><td>Istanbul Technical University, Turkey<\/td><\/tr><tr><td>K. Selcuk Tuzcuoglu<\/td><td>Bahcesehir University, Turkey<\/td><\/tr><tr><td>Nihan Yildirim<\/td><td>Istanbul Technical University, Turkey<\/td><\/tr><tr><td>Oguzhan Erdinc<\/td><td>Bahcesehir University, Turkey<\/td><\/tr><tr><td>Ozan Ridvan Aksu<\/td><td>Bahcesehir University, Turkey<\/td><\/tr><tr><td>Sait Gul<\/td><td>Bahcesehir University, Turkey<\/td><\/tr><tr><td>Simon Philbin<\/td><td>London South Bank University, United Kingdom, ASEM President<\/td><\/tr><tr><td>Sitki Gozlu<\/td><td>Istanbul Technical University &amp; Bahcesehir University,\n  Turkey<\/td><\/tr><tr><td>Tankut Atan<\/td><td>Bahcesehir University, Turkey<\/td><\/tr><tr><td>Tugce Beldek<\/td><td>Istanbul Technical University, Turkey<\/td><\/tr><tr><td>Yaman Omer Erzurumlu<\/td><td>Bahcesehir University, Turkey<\/td><\/tr><tr><td>Yesim\n  Sireli&nbsp;&nbsp;&nbsp;&nbsp;&nbsp;&nbsp;&nbsp;<\/td><td>University of North Carolina at Charlotte, USA, ASEM\n  International Director<\/td><\/tr><\/tbody><\/table>\n","protected":false},"excerpt":{"rendered":"<p>Honorary Chair: S\u0131tk\u0131 G\u00f6zl\u00fc (ITU &amp; BAU) Co-Chairs: Ferhan \u00c7ebi (ITU) &amp; F. Tun\u00e7 Bozbura (BAU) Committee Members: Adnan Corum Bahcesehir University, Turkey Ahmet Beskese Bahcesehir University, Turkey Alper Camci Bahcesehir University, Turkey Aziz Kemal Konyalioglu Istanbul Technical University, Turkey Bersam Bolat Istanbul Technical University, Turkey Caglar Sivri Bahcesehir University, Turkey Didem Yildiz Bahcesehir University, [&hellip;]<\/p>\n","protected":false},"author":1,"featured_media":0,"parent":13,"menu_order":4,"comment_status":"closed","ping_status":"closed","template":"","meta":{"footnotes":""},"_links":{"self":[{"href":"https:\/\/etms.itu.edu.tr\/2021\/wp-json\/wp\/v2\/pages\/42"}],"collection":[{"href":"https:\/\/etms.itu.edu.tr\/2021\/wp-json\/wp\/v2\/pages"}],"about":[{"href":"https:\/\/etms.itu.edu.tr\/2021\/wp-json\/wp\/v2\/types\/page"}],"author":[{"embeddable":true,"href":"https:\/\/etms.itu.edu.tr\/2021\/wp-json\/wp\/v2\/users\/1"}],"replies":[{"embeddable":true,"href":"https:\/\/etms.itu.edu.tr\/2021\/wp-json\/wp\/v2\/comments?post=42"}],"version-history":[{"count":3,"href":"https:\/\/etms.itu.edu.tr\/2021\/wp-json\/wp\/v2\/pages\/42\/revisions"}],"predecessor-version":[{"id":348,"href":"https:\/\/etms.itu.edu.tr\/2021\/wp-json\/wp\/v2\/pages\/42\/revisions\/348"}],"up":[{"embeddable":true,"href":"https:\/\/etms.itu.edu.tr\/2021\/wp-json\/wp\/v2\/pages\/13"}],"wp:attachment":[{"href":"https:\/\/etms.itu.edu.tr\/2021\/wp-json\/wp\/v2\/media?parent=42"}],"curies":[{"name":"wp","href":"https:\/\/api.w.org\/{rel}","templated":true}]}}