{"id":11,"date":"2022-06-01T10:08:06","date_gmt":"2022-06-01T10:08:06","guid":{"rendered":"https:\/\/etms.itu.edu.tr\/2022\/?page_id=11"},"modified":"2022-06-21T11:32:04","modified_gmt":"2022-06-21T11:32:04","slug":"publications","status":"publish","type":"page","link":"https:\/\/etms.itu.edu.tr\/2022\/about\/publications\/","title":{"rendered":"Publications"},"content":{"rendered":"\n<p>Submitted abstracts or full papers, written either\nin&nbsp;<strong>Turkish or\nEnglish<\/strong>, will be presented in the sessions which will be\norganized in the language they are written. All submissions will be evaluated\non a double-blind review basis and successful ones will be accepted for oral\npresentation in the summit and published in the conference proceedings. Selected\nfull papers will be suggested for publication after refereeing process as an e-book\nchapter or in the special\/regular issues of the following indexed journals:<\/p>\n\n\n\n<ul><li><strong>ETMS 2022, Selected Papers, E-Book, <\/strong>NOBEL Akademik Yay\u0131nc\u0131l\u0131k<\/li><\/ul>\n\n\n\n<p><a href=\"https:\/\/www.nobelyayin.com\/\">https:\/\/www.nobelyayin.com\/<\/a><\/p>\n\n\n\n<ul><li> <strong>ENGINEERING MANAGEMENT JOURNAL -EMJ*<\/strong><\/li><\/ul>\n\n\n\n<p>EBSCOhost, Elsevier BV, ProQuest, Social Science Citation Index <br><a href=\"http:\/\/ https:\/\/www.tandfonline.com\/journals\/uemj20\"> https:\/\/www.tandfonline.com\/journals\/uemj20<\/a><\/p>\n\n\n\n<p>Will be published in regular issue (three papers) <\/p>\n\n\n\n<ul><li> <strong>THE LEARNING ORGANIZATION<\/strong><br><em>Emerging Sources Citiation Index ESCI<\/em>   <br><a href=\"https:\/\/www.emerald.com\/insight\/publication\/issn\/0969-6474\">https:\/\/www.emerald.com\/insight\/publication\/issn\/0969-6474 <\/a> <\/li><\/ul>\n\n\n\n<ul><li> <strong>JOURNAL of ENTREPRENEURSHIP AND  INNOVATION MANAGEMENT \u2013 JEIM*\u00a0\u00a0\u00a0\u00a0\u00a0 <\/strong><br><em>TUBITAK ULAKB\u0130M,<\/em>  <br><a href=\"http:\/\/www.betadergi.com\/jeim\/indexed-in.html\">http:\/\/www.betadergi.com\/jeim\/indexed-in.html<\/a> <br> *Will be published in regular issue   <\/li><\/ul>\n","protected":false},"excerpt":{"rendered":"<p>Submitted abstracts or full papers, written either in&nbsp;Turkish or English, will be presented in the sessions which will be organized in the language they are [&hellip;]<\/p>\n","protected":false},"author":1,"featured_media":0,"parent":69,"menu_order":2,"comment_status":"closed","ping_status":"closed","template":"","meta":{"footnotes":""},"_links":{"self":[{"href":"https:\/\/etms.itu.edu.tr\/2022\/wp-json\/wp\/v2\/pages\/11"}],"collection":[{"href":"https:\/\/etms.itu.edu.tr\/2022\/wp-json\/wp\/v2\/pages"}],"about":[{"href":"https:\/\/etms.itu.edu.tr\/2022\/wp-json\/wp\/v2\/types\/page"}],"author":[{"embeddable":true,"href":"https:\/\/etms.itu.edu.tr\/2022\/wp-json\/wp\/v2\/users\/1"}],"replies":[{"embeddable":true,"href":"https:\/\/etms.itu.edu.tr\/2022\/wp-json\/wp\/v2\/comments?post=11"}],"version-history":[{"count":11,"href":"https:\/\/etms.itu.edu.tr\/2022\/wp-json\/wp\/v2\/pages\/11\/revisions"}],"predecessor-version":[{"id":250,"href":"https:\/\/etms.itu.edu.tr\/2022\/wp-json\/wp\/v2\/pages\/11\/revisions\/250"}],"up":[{"embeddable":true,"href":"https:\/\/etms.itu.edu.tr\/2022\/wp-json\/wp\/v2\/pages\/69"}],"wp:attachment":[{"href":"https:\/\/etms.itu.edu.tr\/2022\/wp-json\/wp\/v2\/media?parent=11"}],"curies":[{"name":"wp","href":"https:\/\/api.w.org\/{rel}","templated":true}]}}