{"id":22,"date":"2022-06-01T10:22:56","date_gmt":"2022-06-01T10:22:56","guid":{"rendered":"https:\/\/etms.itu.edu.tr\/2022\/?page_id=22"},"modified":"2022-08-16T12:26:46","modified_gmt":"2022-08-16T12:26:46","slug":"invited-sessions-and-chairs","status":"publish","type":"page","link":"https:\/\/etms.itu.edu.tr\/2022\/invited-sessions-and-chairs\/","title":{"rendered":"Invited Sessions and Chairs"},"content":{"rendered":"\n<table class=\"wp-block-table\"><tbody><tr><td>   Engineering   and Technology&nbsp; Management    <\/td><td>\n  Prof.\n  Dr. Alex Gorod &amp;&nbsp; Dr. Leonie Kay\n  Hallo\n  <\/td><\/tr><tr><td>   Technology,   Engineering and Knowledge Management in Learning Organizations   <\/td><td>\n  Prof.\n  Dr. Hakk\u0131 Okan Yeloglu\n  <\/td><\/tr><tr><td>  Risk Management in Times of Uncertainty<strong><br><\/strong><\/td><td>Prof. Dr. Marcin Butlewski <\/td><\/tr><tr><td>   Human Factors in Contemporary Enterprise <\/td><td>Prof. Dr. Marcin Butlewski <\/td><\/tr><tr><td>\n  Innovation\n  \n  <\/td><td>\n  Prof.\n  Dr. Omur Yasar Saatcioglu\n  <\/td><\/tr><tr><td>   Sustainability Insights in the Digital Age   <\/td><td>   Assoc.   Prof. Dr. Berk K\u00fc\u00e7\u00fckaltan <\/td><\/tr><\/tbody><\/table>\n\n\n\n<p><\/p>\n","protected":false},"excerpt":{"rendered":"<p>Engineering and Technology&nbsp; Management Prof. Dr. Alex Gorod &amp;&nbsp; Dr. Leonie Kay Hallo Technology, Engineering and Knowledge Management in Learning Organizations Prof. Dr. Hakk\u0131 Okan [&hellip;]<\/p>\n","protected":false},"author":1,"featured_media":0,"parent":0,"menu_order":5,"comment_status":"closed","ping_status":"closed","template":"","meta":{"footnotes":""},"_links":{"self":[{"href":"https:\/\/etms.itu.edu.tr\/2022\/wp-json\/wp\/v2\/pages\/22"}],"collection":[{"href":"https:\/\/etms.itu.edu.tr\/2022\/wp-json\/wp\/v2\/pages"}],"about":[{"href":"https:\/\/etms.itu.edu.tr\/2022\/wp-json\/wp\/v2\/types\/page"}],"author":[{"embeddable":true,"href":"https:\/\/etms.itu.edu.tr\/2022\/wp-json\/wp\/v2\/users\/1"}],"replies":[{"embeddable":true,"href":"https:\/\/etms.itu.edu.tr\/2022\/wp-json\/wp\/v2\/comments?post=22"}],"version-history":[{"count":8,"href":"https:\/\/etms.itu.edu.tr\/2022\/wp-json\/wp\/v2\/pages\/22\/revisions"}],"predecessor-version":[{"id":345,"href":"https:\/\/etms.itu.edu.tr\/2022\/wp-json\/wp\/v2\/pages\/22\/revisions\/345"}],"wp:attachment":[{"href":"https:\/\/etms.itu.edu.tr\/2022\/wp-json\/wp\/v2\/media?parent=22"}],"curies":[{"name":"wp","href":"https:\/\/api.w.org\/{rel}","templated":true}]}}