{"id":302,"date":"2022-06-29T22:46:23","date_gmt":"2022-06-29T22:46:23","guid":{"rendered":"https:\/\/etms.itu.edu.tr\/2022\/?page_id=302"},"modified":"2022-06-30T20:32:40","modified_gmt":"2022-06-30T20:32:40","slug":"keynote-speakers","status":"publish","type":"page","link":"https:\/\/etms.itu.edu.tr\/2022\/keynote-speakers\/","title":{"rendered":"Keynote Speakers"},"content":{"rendered":"\n<div class=\"wp-block-image\"><figure class=\"alignleft is-resized\"><img loading=\"lazy\" decoding=\"async\" src=\"https:\/\/etms.itu.edu.tr\/2022\/wp-content\/uploads\/2022\/06\/Sedrick.gif\" alt=\"\" class=\"wp-image-228\" width=\"197\" height=\"358\"\/><figcaption> <br><strong>Gregory A.&nbsp; Sedrick,<\/strong><br><strong><em>Ph.D, <\/em>P.E., CPEM<\/strong><em><br>Success Engineering NEI LLCChattanooga, Tennessee \ufeff<\/em> <\/figcaption><\/figure><\/div>\n\n\n\n<div class=\"wp-block-columns has-2-columns is-layout-flex wp-container-core-columns-layout-1 wp-block-columns-is-layout-flex\">\n<div class=\"wp-block-column is-layout-flow wp-block-column-is-layout-flow\">\n<p>Dr. Sedrick\u2019s career bridges industry and academia, with a focus on  technology based economic and workforce development. He is currently  senior engineering manager at Success Engineering NEI LLC. Greg has served as <br> \u2022    State Executive Director, Tennessee Small Business Development Center (TSBDC) Network.   <br> \u2022    Founder and Executive Director, New Economy Institute. <br> \u2022    State Director, National Science Foundation Experimental Program to Stimulate Competitive Research (NSF EPSCoR). <br> \u2022    Associate Vice Chancellor Tennessee Board of Regents<br> \u2022    Chief Academic Officer and Professor, University of Tennessee Space Institute.  <br> \u2022    Chief Academic Officer and Professor, Chattanooga State Technical Community College. <br> \u2022    Chief Academic Officer &amp; Executive Vice President Motlow State Community College<br> \u2022    Dean and Professor, School of Engineering Letourneau University. <br> \u2022    Dean &amp; Professor, College of Engineering &amp; Computer Science, UT at Chattanooga. <br>  \u2022    Director Engineering Management Graduate Program &amp; Associate  Professor, Engineering Management, Mechatronics Engineering and  Engineering Technology, Middle Tennessee State University. <br> \u2022    Director &amp; Professor, Graduate Engineering Programs, Christian Brother University.<br> \u2022    Research Associate, Virginia Polytechnic and State University (Virginia Tech). <br> \u2022    Faculty of the Army Management Engineering College. <br> \u2022    Engineer, Department of Defense.<br> \u2022    Engineer, Monroe Systems for Business.  <\/p>\n<\/div>\n\n\n\n<div class=\"wp-block-column is-layout-flow wp-block-column-is-layout-flow\">\n<p><em>Greg was twice appointed to the Tennessee Governor\u2019s implementation  team for distance education for both the Tennessee Board of Regents and  the University of Tennessee Systems. <\/em><br>He was elected Fellow of the  American Society for Engineering Management in 1994, twice recipient of  the Sarchet award (ASEM, ASEE) for contributions to the engineering  management profession, elected to the Academy of Engineering Management  in 2005, and has maintain active registration as Professional Engineer  since 1996.  Dr. Sedrick was honored as Engineer of the Year during the  2001 national celebration of Engineers Week.  He currently serves as the  international President of the Society for Engineering Management.<br> He holds the following degrees and certifications:<br> PE -Registered Professional Engineer in the State of Tennessee<br> Ph.D. (Engineering Management) Missouri University of Science &amp; Technology.<br> MS (Systems Management) Florida Institute of Technology.<br> BS (Engineering Management-Electrical Engineering) University of Missouri-Rolla. <br> Certification Mechatronics Level 3 (highest) Siemens Technical Academy<br> Certified Professional Engineering Manager (CPEM) \u2013 Society for Engineering Management<br> Proficiency Certification Electrical\/Electronics O\u2019Fallon Technical Center.  <br>  Greg has acquired over $54 million in federal and state grants, served  as lead consultant in 58 industrial projects and published over 38 work  force \/ economic development related articles.  \n\n<\/p>\n<\/div>\n<\/div>\n\n\n\n<div class=\"wp-block-columns has-2-columns is-layout-flex wp-container-core-columns-layout-2 wp-block-columns-is-layout-flex\">\n<div class=\"wp-block-column is-layout-flow wp-block-column-is-layout-flow\">\n<p><\/p>\n<\/div>\n\n\n\n<div class=\"wp-block-column is-layout-flow wp-block-column-is-layout-flow\"><\/div>\n<\/div>\n\n\n\n<div class=\"wp-block-columns has-2-columns is-layout-flex wp-container-core-columns-layout-4 wp-block-columns-is-layout-flex\">\n<div class=\"wp-block-column is-layout-flow wp-block-column-is-layout-flow\">\n<div class=\"wp-block-columns has-2-columns is-layout-flex wp-container-core-columns-layout-3 wp-block-columns-is-layout-flex\">\n<div class=\"wp-block-column is-layout-flow wp-block-column-is-layout-flow\">\n<p><\/p>\n<\/div>\n\n\n\n<div class=\"wp-block-column is-layout-flow wp-block-column-is-layout-flow\">\n<p>  <em>  <\/em><\/p>\n<\/div>\n<\/div>\n<\/div>\n\n\n\n<div class=\"wp-block-column is-layout-flow wp-block-column-is-layout-flow\">\n<p><\/p>\n<\/div>\n<\/div>\n\n\n\n<!--more-->\n\n\n\n<div class=\"wp-block-media-text alignwide has-media-on-the-right\"><figure class=\"wp-block-media-text__media\"><img loading=\"lazy\" decoding=\"async\" width=\"386\" height=\"445\" src=\"https:\/\/etms.itu.edu.tr\/2022\/wp-content\/uploads\/2022\/06\/yesimsireli.jpg\" alt=\"\" class=\"wp-image-310\" srcset=\"https:\/\/etms.itu.edu.tr\/2022\/wp-content\/uploads\/2022\/06\/yesimsireli.jpg 386w, https:\/\/etms.itu.edu.tr\/2022\/wp-content\/uploads\/2022\/06\/yesimsireli-260x300.jpg 260w\" sizes=\"(max-width: 386px) 100vw, 386px\" \/><\/figure><div class=\"wp-block-media-text__content\">\n<p class=\"has-large-font-size\"><strong>Yesim Sireli,<\/strong><br><strong><em>PhD, CPEM, ASEM Fellow<\/em><\/strong><em><br>University of North Carolina at Charlotte, USA<\/em> <\/p>\n\n\n\n<p>Yesim Sireli, Ph.D., CPEM, is the 2021-2022 President-Elect and the<br>\n2022-2023 President of the American Society for Engineering Management<br>\n(ASEM) and is an Associate Professor at the Systems Engineering &amp;<\/p>\n\n\n\n<p>Engineering Management Department of the University of North Carolina at<br>\nCharlotte. She is an ASEM Fellow, and a member of the ASEM Board of<br>\nDirectors. Dr. Sireli also serves as an Editorial Board Member of the IEEE<br>\nTransactions on Engineering Management, and is a member of the Scientific<br>\nAdvisory Council of Cape Fear Ocean Labs. Her interest areas include<br>\nmanagerial decision-making, systems analysis, quality management, science<\/p>\n\n\n\n<p>policy and business forecasting, particularly in various application areas<br>\nrelated to sustainable development. Dr. Sireli is an Engineering Management<\/p>\n\n\n\n<p>&amp; Systems Engineering Ph.D. graduate of Old Dominion University and holds<br>\nM.Sc. and B.Sc. degrees in Electrical Engineering from Istanbul Technical<br>\nUniversity.<\/p>\n\n\n\n<p> <\/p>\n<\/div><\/div>\n\n\n\n<div class=\"wp-block-media-text alignwide\"><figure class=\"wp-block-media-text__media\"><img loading=\"lazy\" decoding=\"async\" width=\"686\" height=\"951\" src=\"https:\/\/etms.itu.edu.tr\/2022\/wp-content\/uploads\/2022\/06\/erol-1.jpg\" alt=\"\" class=\"wp-image-304\" srcset=\"https:\/\/etms.itu.edu.tr\/2022\/wp-content\/uploads\/2022\/06\/erol-1.jpg 686w, https:\/\/etms.itu.edu.tr\/2022\/wp-content\/uploads\/2022\/06\/erol-1-216x300.jpg 216w\" sizes=\"(max-width: 686px) 100vw, 686px\" \/><\/figure><div class=\"wp-block-media-text__content\">\n<p class=\"has-large-font-size\"><strong>Erol Yucel,<\/strong><br><strong><em>Strategy Group Leader<\/em><\/strong><em><br>HAVELSAN INC.<\/em> <\/p>\n\n\n\n<p>He retired from the Turkish Air Force in 2011 as a chief of Scientific  Decision Support Branch. In his last duty,&nbsp;he was responsible for  developing concepts and advising on necessary technologies for the  concepts\u2019 needs.&nbsp;Later, he worked at&nbsp;At\u0131l\u0131m&nbsp;and&nbsp;Ba\u015fkent&nbsp;Universities as  the organizational development manager. Since 2019 he is working at his  current company, HAVELSAN.<br>He&nbsp;has  master of science in Operations  Research from US Air Force Institute of  Technology and PhD in the same  field from Gazi University. He finished  several military colleges in  Turkey and in the USA including US Air  Command and Staff College and US  Air War College.<br>His current research areas are higher education intelligence, patent intelligence and technology forecasts.<br>He is married with two children.   <\/p>\n<\/div><\/div>\n","protected":false},"excerpt":{"rendered":"<p>Dr. Sedrick\u2019s career bridges industry and academia, with a focus on technology based economic and workforce development. He is currently senior engineering manager at Success [&hellip;]<\/p>\n","protected":false},"author":1,"featured_media":0,"parent":0,"menu_order":6,"comment_status":"closed","ping_status":"closed","template":"","meta":{"footnotes":""},"_links":{"self":[{"href":"https:\/\/etms.itu.edu.tr\/2022\/wp-json\/wp\/v2\/pages\/302"}],"collection":[{"href":"https:\/\/etms.itu.edu.tr\/2022\/wp-json\/wp\/v2\/pages"}],"about":[{"href":"https:\/\/etms.itu.edu.tr\/2022\/wp-json\/wp\/v2\/types\/page"}],"author":[{"embeddable":true,"href":"https:\/\/etms.itu.edu.tr\/2022\/wp-json\/wp\/v2\/users\/1"}],"replies":[{"embeddable":true,"href":"https:\/\/etms.itu.edu.tr\/2022\/wp-json\/wp\/v2\/comments?post=302"}],"version-history":[{"count":24,"href":"https:\/\/etms.itu.edu.tr\/2022\/wp-json\/wp\/v2\/pages\/302\/revisions"}],"predecessor-version":[{"id":330,"href":"https:\/\/etms.itu.edu.tr\/2022\/wp-json\/wp\/v2\/pages\/302\/revisions\/330"}],"wp:attachment":[{"href":"https:\/\/etms.itu.edu.tr\/2022\/wp-json\/wp\/v2\/media?parent=302"}],"curies":[{"name":"wp","href":"https:\/\/api.w.org\/{rel}","templated":true}]}}