{"id":50,"date":"2022-06-04T22:25:47","date_gmt":"2022-06-04T22:25:47","guid":{"rendered":"https:\/\/etms.itu.edu.tr\/2022\/?page_id=50"},"modified":"2022-10-07T17:49:36","modified_gmt":"2022-10-07T17:49:36","slug":"panels","status":"publish","type":"page","link":"https:\/\/etms.itu.edu.tr\/2022\/panels\/","title":{"rendered":"Panels"},"content":{"rendered":"\n<p><strong>Panel:        <\/strong>Focus on global engineering management network \/ ASEM<\/p>\n\n\n\n<p><strong>Moderator:<\/strong>  Dr. Yesim Sireli ASEM&nbsp; President, USA<\/p>\n\n\n\n<p><strong>Panelists:<\/strong>       Prof.Dr. Brian Smith &#8211; EMJ&#8217;s Co-Editors, USA<\/p>\n\n\n\n<p>                         Dr. Greg Sedrick &#8211; ASEM Past President, USA <\/p>\n\n\n\n<p>                        Dr. Willy van Overschee &#8211; ASEM \u0130nternational Director, Belgium<br><\/p>\n\n\n\n<hr class=\"wp-block-separator\"\/>\n\n\n\n<p><strong>Panel: <\/strong>Sanayide S\u00fcrd\u00fcr\u00fclebilirlik i\u00e7in Dijital Teknoloji Y\u00f6netimi<\/p>\n\n\n\n<p><strong>Moderator:  <\/strong>Assoc. Prof. Dr. Nihan Y\u0131ld\u0131r\u0131m, \u0130T\u00dc, TR<\/p>\n\n\n\n<p><strong>Panelists:       <\/strong>Haydar Vural &#8211; Agile Tribe Lead, Data Science and AI Lead at TOFA\u015e<\/p>\n\n\n\n<p>                         V\u00fcgar Kerimo\u011flu &#8211; Ar\u00e7elik Global &#8211; Manager &#8211; Process &amp; Material Technologies<\/p>\n\n\n\n<p>\n\nErdem \u00c7orap\u00e7\u0131o\u011flu-TUSA\u015e\n\n<\/p>\n","protected":false},"excerpt":{"rendered":"<p>Panel: Focus on global engineering management network \/ ASEM Moderator: Dr. Yesim Sireli ASEM&nbsp; President, USA Panelists: Prof.Dr. Brian Smith &#8211; EMJ&#8217;s Co-Editors, USA Dr. [&hellip;]<\/p>\n","protected":false},"author":1,"featured_media":0,"parent":0,"menu_order":4,"comment_status":"closed","ping_status":"closed","template":"","meta":{"footnotes":""},"_links":{"self":[{"href":"https:\/\/etms.itu.edu.tr\/2022\/wp-json\/wp\/v2\/pages\/50"}],"collection":[{"href":"https:\/\/etms.itu.edu.tr\/2022\/wp-json\/wp\/v2\/pages"}],"about":[{"href":"https:\/\/etms.itu.edu.tr\/2022\/wp-json\/wp\/v2\/types\/page"}],"author":[{"embeddable":true,"href":"https:\/\/etms.itu.edu.tr\/2022\/wp-json\/wp\/v2\/users\/1"}],"replies":[{"embeddable":true,"href":"https:\/\/etms.itu.edu.tr\/2022\/wp-json\/wp\/v2\/comments?post=50"}],"version-history":[{"count":9,"href":"https:\/\/etms.itu.edu.tr\/2022\/wp-json\/wp\/v2\/pages\/50\/revisions"}],"predecessor-version":[{"id":380,"href":"https:\/\/etms.itu.edu.tr\/2022\/wp-json\/wp\/v2\/pages\/50\/revisions\/380"}],"wp:attachment":[{"href":"https:\/\/etms.itu.edu.tr\/2022\/wp-json\/wp\/v2\/media?parent=50"}],"curies":[{"name":"wp","href":"https:\/\/api.w.org\/{rel}","templated":true}]}}