{"id":244,"date":"2023-09-25T17:31:59","date_gmt":"2023-09-25T17:31:59","guid":{"rendered":"https:\/\/etms.itu.edu.tr\/2023\/?page_id=244"},"modified":"2023-10-01T16:44:38","modified_gmt":"2023-10-01T16:44:38","slug":"invited-speakers","status":"publish","type":"page","link":"https:\/\/etms.itu.edu.tr\/2023\/invited-speakers\/","title":{"rendered":"Invited Speakers"},"content":{"rendered":"\n<div class=\"wp-block-image\"><figure class=\"alignright is-resized\"><img loading=\"lazy\" decoding=\"async\" src=\"https:\/\/etms.itu.edu.tr\/2023\/wp-content\/uploads\/2023\/10\/Timm_Ziegenthaler-17-683x1024.jpg\" alt=\"\" class=\"wp-image-262\" width=\"373\" height=\"560\" srcset=\"https:\/\/etms.itu.edu.tr\/2023\/wp-content\/uploads\/2023\/10\/Timm_Ziegenthaler-17-683x1024.jpg 683w, https:\/\/etms.itu.edu.tr\/2023\/wp-content\/uploads\/2023\/10\/Timm_Ziegenthaler-17-200x300.jpg 200w, https:\/\/etms.itu.edu.tr\/2023\/wp-content\/uploads\/2023\/10\/Timm_Ziegenthaler-17-768x1152.jpg 768w\" sizes=\"(max-width: 373px) 100vw, 373px\" \/><figcaption><strong><a href=\"https:\/\/etms.itu.edu.tr\/2023\/wp-content\/uploads\/2023\/10\/Bio_23-engl.pdf\">Prof. Dr. Stefan Brunnhuber<br><\/a><\/strong>Trustee World Academy of Arts and Science (WAAS)<br><\/figcaption><\/figure><\/div>\n\n\n\n<div class=\"wp-block-image\"><figure class=\"alignleft is-resized\"><img loading=\"lazy\" decoding=\"async\" src=\"https:\/\/etms.itu.edu.tr\/2023\/wp-content\/uploads\/2023\/09\/Alexancder-Brem-ENI-GM-3-1024x626.jpg\" alt=\"\" class=\"wp-image-228\" width=\"529\" height=\"323\" srcset=\"https:\/\/etms.itu.edu.tr\/2023\/wp-content\/uploads\/2023\/09\/Alexancder-Brem-ENI-GM-3-1024x626.jpg 1024w, https:\/\/etms.itu.edu.tr\/2023\/wp-content\/uploads\/2023\/09\/Alexancder-Brem-ENI-GM-3-300x183.jpg 300w, https:\/\/etms.itu.edu.tr\/2023\/wp-content\/uploads\/2023\/09\/Alexancder-Brem-ENI-GM-3-768x470.jpg 768w\" sizes=\"(max-width: 529px) 100vw, 529px\" \/><figcaption><strong><a href=\"https:\/\/etms.itu.edu.tr\/2023\/wp-content\/uploads\/2023\/09\/Dr-Brem.pdf\" target=\"_blank\" rel=\"noreferrer noopener\" aria-label=\"Prof. Dr. Alexander Brem (opens in a new tab)\">Prof. Dr. Alexander Brem<\/a><br><\/strong>Institute of Entrepreneurship and Innovation Science (ENI), University of Stuttgart <\/figcaption><\/figure><\/div>\n\n\n\n<p>                                         <\/p>\n\n\n\n<div class=\"wp-block-image\"><figure class=\"alignright is-resized\"><img loading=\"lazy\" decoding=\"async\" src=\"https:\/\/etms.itu.edu.tr\/2023\/wp-content\/uploads\/2023\/09\/vugar.jpg\" alt=\"\" class=\"wp-image-229\" width=\"401\" height=\"390\" srcset=\"https:\/\/etms.itu.edu.tr\/2023\/wp-content\/uploads\/2023\/09\/vugar.jpg 456w, https:\/\/etms.itu.edu.tr\/2023\/wp-content\/uploads\/2023\/09\/vugar-300x291.jpg 300w\" sizes=\"(max-width: 401px) 100vw, 401px\" \/><figcaption><strong><a href=\"https:\/\/etms.itu.edu.tr\/2023\/wp-content\/uploads\/2023\/09\/Vugar_Kerimoglu.pdf\" target=\"_blank\" rel=\"noreferrer noopener\" aria-label=\" V\u00fcgar Kerimo\u011flu \n (opens in a new tab)\"> V\u00fcgar Kerimo\u011flu<\/a><\/strong><a href=\"https:\/\/etms.itu.edu.tr\/2023\/wp-content\/uploads\/2023\/09\/Vugar_Kerimoglu.pdf\" target=\"_blank\" rel=\"noreferrer noopener\" aria-label=\" V\u00fcgar Kerimo\u011flu \n (opens in a new tab)\"> <br><\/a> Ar\u00e7elik Global, Manager, Process &amp; Material Technologies<br> Arcelik Production Technologies Directorate<\/figcaption><\/figure><\/div>\n\n\n\n<div class=\"wp-block-image\"><figure class=\"alignleft is-resized\"><img loading=\"lazy\" decoding=\"async\" src=\"https:\/\/etms.itu.edu.tr\/2023\/wp-content\/uploads\/2023\/09\/rasit1.jpg\" alt=\"\" class=\"wp-image-230\" width=\"374\" height=\"374\"\/><figcaption><strong><a href=\"https:\/\/etms.itu.edu.tr\/2023\/wp-content\/uploads\/2023\/09\/Ra\u015fit-Y\u00fccel-G\u00fcr.pdf\">Ra\u015fit Y\u00fccel G\u00fcr<\/a><\/strong><a href=\"https:\/\/etms.itu.edu.tr\/2023\/wp-content\/uploads\/2023\/09\/Ra\u015fit-Y\u00fccel-G\u00fcr.pdf\"><br><\/a>Ar\u00e7elik Global, Head Industrial Robotics <\/figcaption><\/figure><\/div>\n\n\n\n<div class=\"wp-block-image\"><figure class=\"alignright is-resized\"><img loading=\"lazy\" decoding=\"async\" src=\"https:\/\/etms.itu.edu.tr\/2023\/wp-content\/uploads\/2023\/09\/hatice-1.png\" alt=\"\" class=\"wp-image-231\" width=\"324\" height=\"324\" srcset=\"https:\/\/etms.itu.edu.tr\/2023\/wp-content\/uploads\/2023\/09\/hatice-1.png 285w, https:\/\/etms.itu.edu.tr\/2023\/wp-content\/uploads\/2023\/09\/hatice-1-150x150.png 150w\" sizes=\"(max-width: 324px) 100vw, 324px\" \/><figcaption><a href=\"https:\/\/etms.itu.edu.tr\/2023\/wp-content\/uploads\/2023\/09\/Dr.Akdag_.pdf\" target=\"_blank\" rel=\"noreferrer noopener\" aria-label=\" (opens in a new tab)\"> <\/a><strong><a href=\"https:\/\/etms.itu.edu.tr\/2023\/wp-content\/uploads\/2023\/09\/Dr.Akdag_.pdf\" target=\"_blank\" rel=\"noreferrer noopener\" aria-label=\" (opens in a new tab)\">Prof. Dr. Hatice Camg\u00f6z Akda\u011f<\/a><\/strong><a href=\"https:\/\/etms.itu.edu.tr\/2023\/wp-content\/uploads\/2023\/09\/Dr.Akdag_.pdf\" target=\"_blank\" rel=\"noreferrer noopener\" aria-label=\" (opens in a new tab)\"><br><\/a>Faculty of Management, Istanbul Technical University <\/figcaption><\/figure><\/div>\n\n\n\n<div class=\"wp-block-image\"><figure class=\"alignleft is-resized\"><img loading=\"lazy\" decoding=\"async\" src=\"https:\/\/etms.itu.edu.tr\/2023\/wp-content\/uploads\/2023\/09\/samet-sar\u0131-1-1024x954.jpg\" alt=\"\" class=\"wp-image-232\" width=\"406\" height=\"378\" srcset=\"https:\/\/etms.itu.edu.tr\/2023\/wp-content\/uploads\/2023\/09\/samet-sar\u0131-1-1024x954.jpg 1024w, https:\/\/etms.itu.edu.tr\/2023\/wp-content\/uploads\/2023\/09\/samet-sar\u0131-1-300x279.jpg 300w, https:\/\/etms.itu.edu.tr\/2023\/wp-content\/uploads\/2023\/09\/samet-sar\u0131-1-768x715.jpg 768w, https:\/\/etms.itu.edu.tr\/2023\/wp-content\/uploads\/2023\/09\/samet-sar\u0131-1.jpg 1519w\" sizes=\"(max-width: 406px) 100vw, 406px\" \/><figcaption><strong><a href=\"https:\/\/etms.itu.edu.tr\/2023\/wp-content\/uploads\/2023\/09\/Samet-Ensar-SARI.pdf\" target=\"_blank\" rel=\"noreferrer noopener\" aria-label=\" (opens in a new tab)\">Samet Ensar Sar\u0131<\/a><\/strong><a href=\"https:\/\/etms.itu.edu.tr\/2023\/wp-content\/uploads\/2023\/09\/Samet-Ensar-SARI.pdf\" target=\"_blank\" rel=\"noreferrer noopener\" aria-label=\" (opens in a new tab)\"><br><\/a>Consultant | 2 Exits | FCMO | Top CEE Entrepreneur by Adecco <\/figcaption><\/figure><\/div>\n\n\n\n<div class=\"wp-block-image\"><figure class=\"alignright is-resized\"><img loading=\"lazy\" decoding=\"async\" src=\"https:\/\/etms.itu.edu.tr\/2023\/wp-content\/uploads\/2023\/09\/emre-kurtoglu-1-985x1024.jpg\" alt=\"\" class=\"wp-image-235\" width=\"376\" height=\"391\" srcset=\"https:\/\/etms.itu.edu.tr\/2023\/wp-content\/uploads\/2023\/09\/emre-kurtoglu-1-985x1024.jpg 985w, https:\/\/etms.itu.edu.tr\/2023\/wp-content\/uploads\/2023\/09\/emre-kurtoglu-1-288x300.jpg 288w, https:\/\/etms.itu.edu.tr\/2023\/wp-content\/uploads\/2023\/09\/emre-kurtoglu-1-768x799.jpg 768w, https:\/\/etms.itu.edu.tr\/2023\/wp-content\/uploads\/2023\/09\/emre-kurtoglu-1.jpg 1654w\" sizes=\"(max-width: 376px) 100vw, 376px\" \/><figcaption><strong><a href=\"https:\/\/etms.itu.edu.tr\/2023\/wp-content\/uploads\/2023\/09\/Emre-Kurtoglu.pdf\">Emre Kurto\u011flu<\/a><\/strong><a href=\"https:\/\/etms.itu.edu.tr\/2023\/wp-content\/uploads\/2023\/09\/Emre-Kurtoglu.pdf\"><br><\/a>Chief Marketing Officer &amp; Digital Commerce Officer at Teknosa <\/figcaption><\/figure><\/div>\n","protected":false},"excerpt":{"rendered":"","protected":false},"author":3,"featured_media":0,"parent":0,"menu_order":3,"comment_status":"closed","ping_status":"closed","template":"","meta":{"footnotes":""},"_links":{"self":[{"href":"https:\/\/etms.itu.edu.tr\/2023\/wp-json\/wp\/v2\/pages\/244"}],"collection":[{"href":"https:\/\/etms.itu.edu.tr\/2023\/wp-json\/wp\/v2\/pages"}],"about":[{"href":"https:\/\/etms.itu.edu.tr\/2023\/wp-json\/wp\/v2\/types\/page"}],"author":[{"embeddable":true,"href":"https:\/\/etms.itu.edu.tr\/2023\/wp-json\/wp\/v2\/users\/3"}],"replies":[{"embeddable":true,"href":"https:\/\/etms.itu.edu.tr\/2023\/wp-json\/wp\/v2\/comments?post=244"}],"version-history":[{"count":11,"href":"https:\/\/etms.itu.edu.tr\/2023\/wp-json\/wp\/v2\/pages\/244\/revisions"}],"predecessor-version":[{"id":269,"href":"https:\/\/etms.itu.edu.tr\/2023\/wp-json\/wp\/v2\/pages\/244\/revisions\/269"}],"wp:attachment":[{"href":"https:\/\/etms.itu.edu.tr\/2023\/wp-json\/wp\/v2\/media?parent=244"}],"curies":[{"name":"wp","href":"https:\/\/api.w.org\/{rel}","templated":true}]}}