{"id":27,"date":"2023-04-13T09:11:51","date_gmt":"2023-04-13T09:11:51","guid":{"rendered":"https:\/\/etms.itu.edu.tr\/2023\/?page_id=27"},"modified":"2023-08-02T13:12:44","modified_gmt":"2023-08-02T13:12:44","slug":"organizing-committee","status":"publish","type":"page","link":"https:\/\/etms.itu.edu.tr\/2023\/about\/organizing-committee\/","title":{"rendered":"Organizing Committee"},"content":{"rendered":"\n<p><em><strong>Honorary Chair<\/strong><\/em><strong>: <\/strong><\/p>\n\n\n\n<p>Prof. Dr. S\u0131tk\u0131 G\u00f6zl\u00fc (ITU &amp; BAU)<\/p>\n\n\n\n<p><strong>Co-Chairs:<\/strong><\/p>\n\n\n\n<p>Prof. Dr. Ferhan \u00c7ebi (ITU) &amp; Prof.\nDr. F. Tun\u00e7 Bozbura (BAU)<strong><\/strong><\/p>\n\n\n\n<p><strong>Committee Members:<\/strong><\/p>\n\n\n\n<table class=\"wp-block-table\"><tbody><tr><td>\n  Adnan Corum\n  <\/td><td>\n  Bahcesehir University, Turkey\n  <\/td><\/tr><tr><td>\n  Ahmet Tezcan Tekin \n  <\/td><td>\n  Istanbul Technical University, Turkey\n  <\/td><\/tr><tr><td>\n  H\u00fcr Bersam Bolat\n  <\/td><td>\n  Istanbul Technical University, Turkey\n  <\/td><\/tr><tr><td>\n  F. Tunc Bozbura\n  <\/td><td>\n  Bahcesehir University, Turkey\n  <\/td><\/tr><tr><td>\n  Ferhan Cebi\n  <\/td><td>\n  Istanbul Technical University, Turkey\n  <\/td><\/tr><tr><td>\n  Gizem Deniz C\u00f6mert\n  <\/td><td>\n  Istanbul Technical University, Turkey\n  <\/td><\/tr><tr><td>\nG\u00fclin \u0130dil S\u00f6nmezt\u00fcrk Bolatan  <\/td><td>\n  Alanya Alaaddin Keykubat University, Turkey\n  <\/td><\/tr><tr><td>\n  K. Selcuk Tuzcuoglu\n  <\/td><td>\n  Bahcesehir University, Turkey\n  <\/td><\/tr><tr><td>\n  Nihan Yildirim\n  <\/td><td>\n  Istanbul Technical University, Turkey\n  <\/td><\/tr><tr><td>\n  Hakk\u0131 Okan Yelo\u011flu\n  <\/td><td>\n  Ba\u015fkent University, Turkey\n  <\/td><\/tr><tr><td>\n  Sitki Gozlu\n  <\/td><td>\n  Istanbul Technical University &amp; Bahcesehir\n  University, Turkey\n  <\/td><\/tr><tr><td>\n  Tankut Atan\n  <\/td><td>\n  Bahcesehir University, Turkey\n  <\/td><\/tr><tr><td>\n  Yaman Omer Erzurumlu\n  <\/td><td>\n  Bahcesehir University, Turkey\n  <\/td><\/tr><tr><td>\n  Yesim Sireli&nbsp;&nbsp;&nbsp;&nbsp;&nbsp;&nbsp;\n  \n  <\/td><td>\n  University of North Carolina at Charlotte, USA, ASEM\n  International Director\n  <\/td><\/tr><\/tbody><\/table>\n","protected":false},"excerpt":{"rendered":"<p>Honorary Chair: Prof. Dr. S\u0131tk\u0131 G\u00f6zl\u00fc (ITU &amp; BAU) Co-Chairs: Prof. Dr. Ferhan \u00c7ebi (ITU) &amp; Prof. Dr. F. Tun\u00e7 Bozbura (BAU) Committee Members: Adnan Corum Bahcesehir University, Turkey Ahmet Tezcan Tekin Istanbul Technical University, Turkey H\u00fcr Bersam Bolat Istanbul Technical University, Turkey F. Tunc Bozbura Bahcesehir University, Turkey Ferhan Cebi Istanbul Technical University, Turkey [&hellip;]<\/p>\n","protected":false},"author":1,"featured_media":0,"parent":31,"menu_order":4,"comment_status":"closed","ping_status":"closed","template":"","meta":{"footnotes":""},"_links":{"self":[{"href":"https:\/\/etms.itu.edu.tr\/2023\/wp-json\/wp\/v2\/pages\/27"}],"collection":[{"href":"https:\/\/etms.itu.edu.tr\/2023\/wp-json\/wp\/v2\/pages"}],"about":[{"href":"https:\/\/etms.itu.edu.tr\/2023\/wp-json\/wp\/v2\/types\/page"}],"author":[{"embeddable":true,"href":"https:\/\/etms.itu.edu.tr\/2023\/wp-json\/wp\/v2\/users\/1"}],"replies":[{"embeddable":true,"href":"https:\/\/etms.itu.edu.tr\/2023\/wp-json\/wp\/v2\/comments?post=27"}],"version-history":[{"count":4,"href":"https:\/\/etms.itu.edu.tr\/2023\/wp-json\/wp\/v2\/pages\/27\/revisions"}],"predecessor-version":[{"id":180,"href":"https:\/\/etms.itu.edu.tr\/2023\/wp-json\/wp\/v2\/pages\/27\/revisions\/180"}],"up":[{"embeddable":true,"href":"https:\/\/etms.itu.edu.tr\/2023\/wp-json\/wp\/v2\/pages\/31"}],"wp:attachment":[{"href":"https:\/\/etms.itu.edu.tr\/2023\/wp-json\/wp\/v2\/media?parent=27"}],"curies":[{"name":"wp","href":"https:\/\/api.w.org\/{rel}","templated":true}]}}