{"id":29,"date":"2023-04-13T09:12:19","date_gmt":"2023-04-13T09:12:19","guid":{"rendered":"https:\/\/etms.itu.edu.tr\/2023\/?page_id=29"},"modified":"2023-07-19T20:02:49","modified_gmt":"2023-07-19T20:02:49","slug":"scientific-committee","status":"publish","type":"page","link":"https:\/\/etms.itu.edu.tr\/2023\/about\/scientific-committee\/","title":{"rendered":"Scientific Committee"},"content":{"rendered":"\n<table class=\"wp-block-table\"><tbody><tr><td>\n  Adnan Corum\n  <\/td><td>\n  Bahcesehir University, Turkey\n  <\/td><\/tr><tr><td>\n  Ahmet Beskese\n  <\/td><td>\n  Bahcesehir University, Turkey\n  <\/td><\/tr><tr><td>\n  Ali \u0130hsan \u00d6zdemir\n  <\/td><td>\n  Ankara Y\u0131ld\u0131r\u0131m Beyazit University, Turkey\n  <\/td><\/tr><tr><td>\n  Alper Camc\u0131\n  <\/td><td>\n  Bahcesehir University, Turkey\n  <\/td><\/tr><tr><td>\n  Arzu Karaman\n  <\/td><td>\n  Yildiz Technical University, Turkey\n  <\/td><\/tr><tr><td>\n  Berna Beyhan\n  <\/td><td>\n  Sabanci University, Turkey\n  <\/td><\/tr><tr><td>\n  Bersam Bolat\n  <\/td><td>\n  Istanbul Technical University, Turkey\n  <\/td><\/tr><tr><td>\n  David Bennett\n  <\/td><td>\n  Aston University, UK &amp; Chalmers University of\n  Technology, Sweden\n  <\/td><\/tr><tr><td>\n  Dilay Celebi\n  <\/td><td>\n  Istanbul Technical University, Turkey\n  <\/td><\/tr><tr><td>\n  Dilek Cetindamar Kozanoglu&nbsp;&nbsp;&nbsp; \n  <\/td><td>\n  University of Technology Sydney, Australia\n  <\/td><\/tr><tr><td>\n  Dilek Ozdemir Gungor\n  <\/td><td>\n  Izmir Katip Celebi University, Turkey\n  <\/td><\/tr><tr><td>\n  Dundar Kocaoglu\n  <\/td><td>\n  Portland State University, USA\n  <\/td><\/tr><tr><td>\n  Elif Karaosmanoglu\n  <\/td><td>\n  Istanbul Technical University, Turkey\n  <\/td><\/tr><tr><td>\n  Erkan Bayraktar\n  <\/td><td>\n  The American University of the Middle East, Kuwait\n  <\/td><\/tr><tr><td>\n  Ethem Canakoglu\n  <\/td><td>\n  The American University of the Middle East, Kuwait\n  <\/td><\/tr><tr><td>\n  F. Tunc Bozbura\n  <\/td><td>\n  Bahcesehir University, Turkey\n  <\/td><\/tr><tr><td>\n  Ferhan Cebi\n  <\/td><td>\n  Istanbul Technical University, Turkey\n  <\/td><\/tr><tr><td>\n  Gul T. Temur\n  <\/td><td>\n  Bahcesehir University, Turkey\n  <\/td><\/tr><tr><td>\n  Gulgun Kayakutlu\n  <\/td><td>\n  Istanbul Technical University, Turkey\n  <\/td><\/tr><tr><td>\n  Gulin Idil S. Bolatan\n  <\/td><td>\n  Alanya Alaaddin Keykubat University, Turkey\n  <\/td><\/tr><tr><td>\n  Hacer Ansal\n  <\/td><td>\n  Turkey\n  <\/td><\/tr><tr><td>\n  Hakk\u0131 Okan Yelo\u011flu\n  <\/td><td>\n  Baskent University\n  <\/td><\/tr><tr><td>\n  Hatice Camgoz Akdag\n  <\/td><td>\n  Istanbul Technical University, Turkey\n  <\/td><\/tr><tr><td>\n  Hilmi Y\u00fcksel\n  <\/td><td>\n  Dokuz Eylul University, Turkey\n  <\/td><\/tr><tr><td>\n  \u0130lker Murat Ar\n  <\/td><td>\n  Ankara Yildirim Beyazit University, Turkey\n  <\/td><\/tr><tr><td>\n  Jbid Arsenyan\n  <\/td><td>\n  Rennes School of Business, France\n  <\/td><\/tr><tr><td>\n  K. Selcuk Tuzcuoglu\n  <\/td><td>\n  Bahcesehir University, Turkey\n  <\/td><\/tr><tr><td>\n  Lerzan Ozkale\n  <\/td><td>\n  Istanbul Technical University, Turkey\n  <\/td><\/tr><tr><td>\n  Marina Dabic\n  <\/td><td>\n  University of Zagreb, Croatia\n  <\/td><\/tr><tr><td>\n  Mine Omurgonulsen\n  <\/td><td>\n  Hacettepe University, Turkey\n  <\/td><\/tr><tr><td>\n  Nata\u0161a Rup\u010di\u0107\n  <\/td><td>\n  University of Rijeka, Croatia\n  <\/td><\/tr><tr><td>\n  Mosad Zineldin\n  <\/td><td>\n  Linnaeus University, Sweden\n  <\/td><\/tr><tr><td>\n  Nihan Yildirim\n  <\/td><td>\n  Istanbul Technical University, Turkey\n  <\/td><\/tr><tr><td>\n  Nuri Ba\u015fo\u011flu\n  <\/td><td>\n  Izmir Technology Institute, Turkey\n  <\/td><\/tr><tr><td>\n  Omur Yasar Saatcioglu\n  <\/td><td>\n  Dokuz Eylul University, Turkey\n  <\/td><\/tr><tr><td>\n  Ozlem Ozdemir\n  <\/td><td>\n  Middle East Technical University, Turkey\n  <\/td><\/tr><tr><td>\n  Roya Javadpour\n  <\/td><td>\n  Cal Poly University, USA\n  <\/td><\/tr><tr><td>\n  Sercan Ozcan\n  <\/td><td>\n  University of Portsmouth, UK\n  <\/td><\/tr><tr><td>\n  Seung Hun Han\n  <\/td><td>\n  KAIST, South Korea\n  <\/td><\/tr><tr><td>\n  Simon Philbin\n  <\/td><td>\n  London South Bank University, United Kingdom\n  <\/td><\/tr><tr><td>\n  Sinan Erzurumlu\n  <\/td><td>\n  Babson College, USA\n  <\/td><\/tr><tr><td>\n  Sitki Gozlu\n  <\/td><td>\n  Istanbul Technical University, Turkey\n  <\/td><\/tr><tr><td>\n  Tankut Atan\n  <\/td><td>\n  Bahcesehir University, Turkey\n  <\/td><\/tr><tr><td>\n  Timothy Kotnour\n  <\/td><td>\n  University of Central Florida, USA\n  <\/td><\/tr><tr><td>\n  Tufan Vehbi Ko\u00e7\n  <\/td><td>\n  Istanbul Technical University, Turkey\n  <\/td><\/tr><tr><td>\n  Tugrul Daim\n  <\/td><td>\n  Portland State University, USA\n  <\/td><\/tr><tr><td>\n  Yaman Omer Erzurumlu\n  <\/td><td>\n  Bahcesehir University, Turkey\n  <\/td><\/tr><tr><td>\n  Yesim Sireli\n  <\/td><td>\n  University of North Carolina at Charlotte, USA\n  <\/td><\/tr><tr><td>\n  Yildirim Omurtag\n  <\/td><td>\n  Robert Morris University, USA\n  <\/td><\/tr><tr><td>   <\/td><td> <\/td><\/tr><tr><td><\/td><td>  <\/td><\/tr><tr><td>  <\/td><td>   <\/td><\/tr><tr><td>  <\/td><td> <\/td><\/tr><tr><td>   <\/td><td> <\/td><\/tr><tr><td> <\/td><td>  <\/td><\/tr><tr><td>  <\/td><td> <\/td><\/tr><tr><td>  <\/td><td>  <\/td><\/tr><tr><td>\n  &nbsp;\n  <\/td><td>\n  &nbsp;\n  <\/td><\/tr><tr><td>\n  &nbsp;\n  <\/td><td>\n  &nbsp;\n  <\/td><\/tr><tr><td>\n  &nbsp;\n  <\/td><td>\n  &nbsp;\n  <\/td><\/tr><tr><td>\n  &nbsp;\n  <\/td><td>\n  &nbsp;\n  <\/td><\/tr><tr><td>\n  &nbsp;\n  <\/td><td>\n  &nbsp;\n  <\/td><\/tr><tr><td>\n  &nbsp;\n  <\/td><td>\n  &nbsp;\n  <\/td><\/tr><\/tbody><\/table>\n","protected":false},"excerpt":{"rendered":"<p>Adnan Corum Bahcesehir University, Turkey Ahmet Beskese Bahcesehir University, Turkey Ali \u0130hsan \u00d6zdemir Ankara Y\u0131ld\u0131r\u0131m Beyazit University, Turkey Alper Camc\u0131 Bahcesehir University, Turkey Arzu Karaman Yildiz Technical University, Turkey Berna Beyhan Sabanci University, Turkey Bersam Bolat Istanbul Technical University, Turkey David Bennett Aston University, UK &amp; Chalmers University of Technology, Sweden Dilay Celebi Istanbul Technical [&hellip;]<\/p>\n","protected":false},"author":1,"featured_media":0,"parent":31,"menu_order":5,"comment_status":"closed","ping_status":"closed","template":"","meta":{"footnotes":""},"_links":{"self":[{"href":"https:\/\/etms.itu.edu.tr\/2023\/wp-json\/wp\/v2\/pages\/29"}],"collection":[{"href":"https:\/\/etms.itu.edu.tr\/2023\/wp-json\/wp\/v2\/pages"}],"about":[{"href":"https:\/\/etms.itu.edu.tr\/2023\/wp-json\/wp\/v2\/types\/page"}],"author":[{"embeddable":true,"href":"https:\/\/etms.itu.edu.tr\/2023\/wp-json\/wp\/v2\/users\/1"}],"replies":[{"embeddable":true,"href":"https:\/\/etms.itu.edu.tr\/2023\/wp-json\/wp\/v2\/comments?post=29"}],"version-history":[{"count":2,"href":"https:\/\/etms.itu.edu.tr\/2023\/wp-json\/wp\/v2\/pages\/29\/revisions"}],"predecessor-version":[{"id":178,"href":"https:\/\/etms.itu.edu.tr\/2023\/wp-json\/wp\/v2\/pages\/29\/revisions\/178"}],"up":[{"embeddable":true,"href":"https:\/\/etms.itu.edu.tr\/2023\/wp-json\/wp\/v2\/pages\/31"}],"wp:attachment":[{"href":"https:\/\/etms.itu.edu.tr\/2023\/wp-json\/wp\/v2\/media?parent=29"}],"curies":[{"name":"wp","href":"https:\/\/api.w.org\/{rel}","templated":true}]}}