{"id":48,"date":"2023-04-13T09:22:11","date_gmt":"2023-04-13T09:22:11","guid":{"rendered":"https:\/\/etms.itu.edu.tr\/2023\/?page_id=48"},"modified":"2023-09-25T17:37:41","modified_gmt":"2023-09-25T17:37:41","slug":"panels","status":"publish","type":"page","link":"https:\/\/etms.itu.edu.tr\/2023\/panels\/","title":{"rendered":"Panels"},"content":{"rendered":"\n<p> <br> <br>PANEL<strong>: Multidisciplinary Synergy: Paving the Way for Future Disaster Risk Management Initiatives<\/strong><br> <strong>Moderat\u00f6r:<\/strong> Prof. Dr.Seda Kundak , \u0130stanbul Technical University <br>   Assoc. Prof. Dr. Emrah Acar \u2013 BeeNOME\/ Disaster Project,  \u0130stanbul Technical University  <br>   Prof. Dr.Seda Kundak, RiskIST  Life Laboratory, \u0130stanbul Technical University <br>   Prof. Dr. Cees van Westen &#8211; PARATUS Project (Horizon 2021),  Twente University  <br>   Assoc. Prof. Dr. Muammer T\u00fcn (ETU) &#8211; Disaster &amp; Resilience Congress, Eski\u015fehir Technical University  <\/p>\n\n\n\n<p>PANEL<strong>: Dijital \u00c7a\u011fda Teknoloji Y\u00f6netimi E\u011fitimi<\/strong><br> <strong>Moderat\u00f6r:<\/strong> Prof. Dr.S\u0131tk\u0131 G\u00f6zl\u00fc, Emekli \u00d6\u011fr. \u00dcyesi,\u0130stanbul Teknik \u00dcniversitesi<br>    Prof. Dr. Hilmi Y\u00fcksel \u2013 \u00d6\u011fr. \u00dcyesi, Dokuz Eyl\u00fcl \u00dcniversitesi<br>    Prof. Dr. Nuri Ba\u015fo\u011flu &#8211; \u00d6\u011fr. \u00dcyesi, \u0130zmir Y\u00fcksek Teknoloji Enstit\u00fcs\u00fc <br>    Prof. Dr. Okan Yelo\u011flu &#8211; \u00d6\u011fr. \u00dcyesi, Ba\u015fkent \u00dcniversitesi <br>    Do\u00e7. Dr. Nihan Y\u0131ld\u0131r\u0131m \u00a0&#8211; \u00d6\u011fr. \u00dcyesi, \u0130stanbul Teknik \u00dcniversitesi     <\/p>\n\n\n\n<p>PANEL<strong>: Dijital \u00c7a\u011fda M\u00fchendislik Y\u00f6netimi Uygulamalar\u0131<\/strong><br><strong>Moderat\u00f6r:<\/strong> Prof. Dr.Tun\u00e7 Bozbura, \u00d6\u011fr. \u00dcyesi, Bah\u00e7e\u015fehir \u00dcniversitesi<br>    Dr. \u0130ffet \u0130yig\u00fcn Meydanl\u0131, Kurucu ortak, M2I Consultancy<br>    Dr. Halef\u015fan S\u00fcmen, \u00d6\u011fr. G\u00f6revlisi, Arz&amp;Tedark Zinciri  Uzman\u0131<br>    Dr. Metin \u00d6rnek, BTECH Ar-Ge Merkezi Dir., Ar-Ge Projeleri Koordinasyon PMO \u0130\u015fbirli\u011fi Ofisi  Md.        <\/p>\n\n\n\n<p><\/p>\n\n\n\n<p><\/p>\n\n\n\n<p><br> <br> <br> <\/p>\n\n\n\n<p><\/p>\n","protected":false},"excerpt":{"rendered":"<p>PANEL: Multidisciplinary Synergy: Paving the Way for Future Disaster Risk Management Initiatives Moderat\u00f6r: Prof. Dr.Seda Kundak , \u0130stanbul Technical University Assoc. Prof. Dr. Emrah Acar \u2013 BeeNOME\/ Disaster Project, \u0130stanbul Technical University Prof. Dr.Seda Kundak, RiskIST Life Laboratory, \u0130stanbul Technical University Prof. Dr. Cees van Westen &#8211; PARATUS Project (Horizon 2021), Twente University Assoc. Prof. [&hellip;]<\/p>\n","protected":false},"author":1,"featured_media":0,"parent":0,"menu_order":4,"comment_status":"closed","ping_status":"closed","template":"","meta":{"footnotes":""},"_links":{"self":[{"href":"https:\/\/etms.itu.edu.tr\/2023\/wp-json\/wp\/v2\/pages\/48"}],"collection":[{"href":"https:\/\/etms.itu.edu.tr\/2023\/wp-json\/wp\/v2\/pages"}],"about":[{"href":"https:\/\/etms.itu.edu.tr\/2023\/wp-json\/wp\/v2\/types\/page"}],"author":[{"embeddable":true,"href":"https:\/\/etms.itu.edu.tr\/2023\/wp-json\/wp\/v2\/users\/1"}],"replies":[{"embeddable":true,"href":"https:\/\/etms.itu.edu.tr\/2023\/wp-json\/wp\/v2\/comments?post=48"}],"version-history":[{"count":8,"href":"https:\/\/etms.itu.edu.tr\/2023\/wp-json\/wp\/v2\/pages\/48\/revisions"}],"predecessor-version":[{"id":248,"href":"https:\/\/etms.itu.edu.tr\/2023\/wp-json\/wp\/v2\/pages\/48\/revisions\/248"}],"wp:attachment":[{"href":"https:\/\/etms.itu.edu.tr\/2023\/wp-json\/wp\/v2\/media?parent=48"}],"curies":[{"name":"wp","href":"https:\/\/api.w.org\/{rel}","templated":true}]}}